{"id":2746,"date":"2024-09-11T14:47:13","date_gmt":"2024-09-11T12:47:13","guid":{"rendered":"https:\/\/osteopathie-aquatique74.fr\/?page_id=2746"},"modified":"2024-09-11T15:39:36","modified_gmt":"2024-09-11T13:39:36","slug":"mentions-legales","status":"publish","type":"page","link":"https:\/\/osteopathie-aquatique74.fr\/index.php\/mentions-legales\/","title":{"rendered":"Mentions l\u00e9gales"},"content":{"rendered":"[vc_row type=\u00a0\u00bbfull_width_background\u00a0\u00bb full_screen_row_position=\u00a0\u00bbmiddle\u00a0\u00bb column_margin=\u00a0\u00bbdefault\u00a0\u00bb column_direction=\u00a0\u00bbdefault\u00a0\u00bb column_direction_tablet=\u00a0\u00bbdefault\u00a0\u00bb column_direction_phone=\u00a0\u00bbdefault\u00a0\u00bb bg_color=\u00a0\u00bb#f8eadc\u00a0\u00bb scene_position=\u00a0\u00bbcenter\u00a0\u00bb top_margin=\u00a0\u00bb-100&Prime; bottom_margin=\u00a0\u00bb80&Prime; text_color=\u00a0\u00bbdark\u00a0\u00bb text_align=\u00a0\u00bbleft\u00a0\u00bb row_border_radius=\u00a0\u00bbnone\u00a0\u00bb row_border_radius_applies=\u00a0\u00bbbg\u00a0\u00bb overflow=\u00a0\u00bbvisible\u00a0\u00bb overlay_strength=\u00a0\u00bb0.3&Prime; gradient_direction=\u00a0\u00bbleft_to_right\u00a0\u00bb shape_divider_position=\u00a0\u00bbbottom\u00a0\u00bb bg_image_animation=\u00a0\u00bbnone\u00a0\u00bb gradient_type=\u00a0\u00bbdefault\u00a0\u00bb shape_type=\u00a0\u00bb\u00a0\u00bb][vc_column column_padding=\u00a0\u00bbno-extra-padding\u00a0\u00bb column_padding_tablet=\u00a0\u00bbinherit\u00a0\u00bb column_padding_phone=\u00a0\u00bbinherit\u00a0\u00bb column_padding_position=\u00a0\u00bball\u00a0\u00bb column_element_direction_desktop=\u00a0\u00bbdefault\u00a0\u00bb column_element_spacing=\u00a0\u00bbdefault\u00a0\u00bb desktop_text_alignment=\u00a0\u00bbdefault\u00a0\u00bb tablet_text_alignment=\u00a0\u00bbdefault\u00a0\u00bb phone_text_alignment=\u00a0\u00bbdefault\u00a0\u00bb background_color_opacity=\u00a0\u00bb1&Prime; background_hover_color_opacity=\u00a0\u00bb1&Prime; column_backdrop_filter=\u00a0\u00bbnone\u00a0\u00bb column_shadow=\u00a0\u00bbnone\u00a0\u00bb column_border_radius=\u00a0\u00bbnone\u00a0\u00bb column_link_target=\u00a0\u00bb_self\u00a0\u00bb column_position=\u00a0\u00bbdefault\u00a0\u00bb gradient_direction=\u00a0\u00bbleft_to_right\u00a0\u00bb overlay_strength=\u00a0\u00bb0.3&Prime; width=\u00a0\u00bb1\/1&Prime; tablet_width_inherit=\u00a0\u00bbdefault\u00a0\u00bb animation_type=\u00a0\u00bbdefault\u00a0\u00bb bg_image_animation=\u00a0\u00bbnone\u00a0\u00bb border_type=\u00a0\u00bbsimple\u00a0\u00bb column_border_width=\u00a0\u00bbnone\u00a0\u00bb column_border_style=\u00a0\u00bbsolid\u00a0\u00bb column_padding_type=\u00a0\u00bbdefault\u00a0\u00bb gradient_type=\u00a0\u00bbdefault\u00a0\u00bb][divider line_type=\u00a0\u00bbNo Line\u00a0\u00bb custom_height=\u00a0\u00bb140&Prime;][vc_column_text]\n<h3>MENTIONS L\u00c9GALES<\/h3>\n<p>Derni\u00e8re mise \u00e0 jour : 11 septembre 2024<\/p>\n<p>Vous pouvez \u00e9galement consulter nos\u00a0<a href=\"https:\/\/osteopathie-aquatique74.fr\/index.php\/conditions-generales\/\"><strong>CGU<\/strong>\u00a0<\/a>et notre\u00a0<a href=\"https:\/\/osteopathie-aquatique74.fr\/index.php\/politique-de-cookies-ue\/\"><strong>Politique de cookies<\/strong><\/a>.<\/p>\n<p>&nbsp;<\/p>\n<h3>TITULAIRE ET RESPONSABLE DU SITE<\/h3>\n<p><img loading=\"lazy\" decoding=\"async\" class=\"wp-image-2036\" src=\"https:\/\/osteopathie-aquatique74.fr\/wp-content\/uploads\/2024\/08\/flip-recto-transp-300x300.png\" alt=\"Ost\u00e9opathe aquatique consultations dans l'eau Haute-Savoie\" width=\"268\" height=\"268\" srcset=\"https:\/\/osteopathie-aquatique74.fr\/wp-content\/uploads\/2024\/08\/flip-recto-transp-300x300.png 300w, https:\/\/osteopathie-aquatique74.fr\/wp-content\/uploads\/2024\/08\/flip-recto-transp-150x150.png 150w, https:\/\/osteopathie-aquatique74.fr\/wp-content\/uploads\/2024\/08\/flip-recto-transp-140x140.png 140w, https:\/\/osteopathie-aquatique74.fr\/wp-content\/uploads\/2024\/08\/flip-recto-transp-100x100.png 100w, https:\/\/osteopathie-aquatique74.fr\/wp-content\/uploads\/2024\/08\/flip-recto-transp-350x350.png 350w, https:\/\/osteopathie-aquatique74.fr\/wp-content\/uploads\/2024\/08\/flip-recto-transp.png 500w\" sizes=\"auto, (max-width: 268px) 100vw, 268px\" \/><\/p>\n<p><strong>No\u00e9lie C\u00f4me<\/strong><\/p>\n<p>SIRET :83126113600012<\/p>\n<p>1266 route de Bonlieu, 74270 Sallen\u00f4ves<\/p>\n<p><strong>+33 (0)7 86 31 05 96<\/strong><\/p>\n<p>noelie.come.osteo@gmail.com<\/p>\n<p>&nbsp;<\/p>\n<h3>OBJET DU SITE<\/h3>\n<p>Ce site (le \u00ab\u00a0<strong>Site<\/strong> \u00bb) est con\u00e7u \u00e0 titre purement informatif et est destin\u00e9 \u00e0 tout type de public, et pr\u00e9f\u00e9rentiellement aux professionnels de sant\u00e9 concern\u00e9s par la rhumatologie.<\/p>\n<p>Les informations fournies sur le Site sont destin\u00e9es \u00e0 am\u00e9liorer l&rsquo;offre de soins dans les Bouches-du-Rh\u00f4ne, pour les patients atteints de certaines affections.<\/p>\n<p>L\u2019acc\u00e8s au Site est gratuit afin de fournir des informations pratiques sur le fonctionnement de l&rsquo;<strong>association ESS Rhumatologie du Littoral<\/strong> ainsi que d&rsquo;offrir des possibilit\u00e9s de consultations rapides pour les patients \u00e9ligibles.<\/p>\n<p>&nbsp;<\/p>\n<h3>\u00c9DITEUR DU SITE<\/h3>\n<p><strong>Cr\u00e9ation, design, fonctionnalit\u00e9s<\/strong> :<\/p>\n<p><strong>Jos\u00e9 Escudero<\/strong>, pour Archipel Communication<\/p>\n<p>archipel.communication@gmail.com<\/p>\n<p>&nbsp;<\/p>\n<p><strong>Nom, d\u00e9nomination ou raison sociale et adresse et num\u00e9ro de t\u00e9l\u00e9phone de l&rsquo;h\u00e9bergeur du Site :<\/strong><\/p>\n<div class=\"otds-text\">\n<p class=\"odss-text__heading mb-3\"><strong>OVH SAS<\/strong><br \/>\nRegistre du commerce et des soci\u00e9t\u00e9s (RCS) Lille M\u00e9tropole 424 761 419 00045<br \/>\nNomenclature APE 2620Z<br \/>\nNum\u00e9ro de TVA : FR 22 424 761 419<\/p>\n<p class=\"odss-text__heading mb-3\">Si\u00e8ge Social de l\u2019h\u00e9bergeur :<\/p>\n<p class=\"odss-text__heading mb-3\">2 rue Kellermann<\/p>\n<p class=\"odss-text__heading mb-3\">59100 Roubaix \u2013 France<\/p>\n<\/div>\n<div class=\"otds-text\">\n<p>&nbsp;<\/p>\n<\/div>\n<h3>PUBLICIT\u00c9<\/h3>\n<p>Le Site :<\/p>\n<p>\u2022 n\u2019accueille aucune forme de publicit\u00e9 ;<\/p>\n<p>\u2022 contient des informations qui ne constituent en aucune mani\u00e8re une forme de publicit\u00e9 ;<\/p>\n<p>\u2022 ne constitue en aucun cas un d\u00e9marchage.[\/vc_column_text][\/vc_column][\/vc_row]\n","protected":false},"excerpt":{"rendered":"<p>[vc_row type=\u00a0\u00bbfull_width_background\u00a0\u00bb full_screen_row_position=\u00a0\u00bbmiddle\u00a0\u00bb column_margin=\u00a0\u00bbdefault\u00a0\u00bb column_direction=\u00a0\u00bbdefault\u00a0\u00bb column_direction_tablet=\u00a0\u00bbdefault\u00a0\u00bb column_direction_phone=\u00a0\u00bbdefault\u00a0\u00bb bg_color=\u00a0\u00bb#f8eadc\u00a0\u00bb scene_position=\u00a0\u00bbcenter\u00a0\u00bb top_margin=\u00a0\u00bb-100&Prime; bottom_margin=\u00a0\u00bb80&Prime; text_color=\u00a0\u00bbdark\u00a0\u00bb text_align=\u00a0\u00bbleft\u00a0\u00bb row_border_radius=\u00a0\u00bbnone\u00a0\u00bb row_border_radius_applies=\u00a0\u00bbbg\u00a0\u00bb overflow=\u00a0\u00bbvisible\u00a0\u00bb overlay_strength=\u00a0\u00bb0.3&Prime; gradient_direction=\u00a0\u00bbleft_to_right\u00a0\u00bb shape_divider_position=\u00a0\u00bbbottom\u00a0\u00bb bg_image_animation=\u00a0\u00bbnone\u00a0\u00bb gradient_type=\u00a0\u00bbdefault\u00a0\u00bb shape_type=\u00a0\u00bb\u00a0\u00bb][vc_column column_padding=\u00a0\u00bbno-extra-padding\u00a0\u00bb column_padding_tablet=\u00a0\u00bbinherit\u00a0\u00bb column_padding_phone=\u00a0\u00bbinherit\u00a0\u00bb column_padding_position=\u00a0\u00bball\u00a0\u00bb column_element_direction_desktop=\u00a0\u00bbdefault\u00a0\u00bb column_element_spacing=\u00a0\u00bbdefault\u00a0\u00bb desktop_text_alignment=\u00a0\u00bbdefault\u00a0\u00bb tablet_text_alignment=\u00a0\u00bbdefault\u00a0\u00bb&#8230;<\/p>\n","protected":false},"author":2,"featured_media":0,"parent":0,"menu_order":0,"comment_status":"closed","ping_status":"closed","template":"","meta":{"footnotes":""},"class_list":["post-2746","page","type-page","status-publish"],"yoast_head":"<!-- This site is optimized with the Yoast SEO plugin v27.4 - https:\/\/yoast.com\/product\/yoast-seo-wordpress\/ -->\n<title>Mentions l\u00e9gales - Ost\u00e9opathie Aquatique 74<\/title>\n<meta name=\"robots\" content=\"index, follow, max-snippet:-1, max-image-preview:large, max-video-preview:-1\" \/>\n<link rel=\"canonical\" href=\"https:\/\/osteopathie-aquatique74.fr\/index.php\/mentions-legales\/\" \/>\n<meta property=\"og:locale\" content=\"fr_FR\" \/>\n<meta property=\"og:type\" content=\"article\" \/>\n<meta property=\"og:title\" content=\"Mentions l\u00e9gales - Ost\u00e9opathie Aquatique 74\" \/>\n<meta property=\"og:description\" content=\"[vc_row type=\u00a0\u00bbfull_width_background\u00a0\u00bb full_screen_row_position=\u00a0\u00bbmiddle\u00a0\u00bb column_margin=\u00a0\u00bbdefault\u00a0\u00bb column_direction=\u00a0\u00bbdefault\u00a0\u00bb column_direction_tablet=\u00a0\u00bbdefault\u00a0\u00bb column_direction_phone=\u00a0\u00bbdefault\u00a0\u00bb bg_color=\u00a0\u00bb#f8eadc\u00a0\u00bb scene_position=\u00a0\u00bbcenter\u00a0\u00bb top_margin=\u00a0\u00bb-100&Prime; bottom_margin=\u00a0\u00bb80&Prime; text_color=\u00a0\u00bbdark\u00a0\u00bb text_align=\u00a0\u00bbleft\u00a0\u00bb row_border_radius=\u00a0\u00bbnone\u00a0\u00bb row_border_radius_applies=\u00a0\u00bbbg\u00a0\u00bb overflow=\u00a0\u00bbvisible\u00a0\u00bb overlay_strength=\u00a0\u00bb0.3&Prime; gradient_direction=\u00a0\u00bbleft_to_right\u00a0\u00bb shape_divider_position=\u00a0\u00bbbottom\u00a0\u00bb bg_image_animation=\u00a0\u00bbnone\u00a0\u00bb gradient_type=\u00a0\u00bbdefault\u00a0\u00bb shape_type=\u00a0\u00bb\u00a0\u00bb][vc_column column_padding=\u00a0\u00bbno-extra-padding\u00a0\u00bb column_padding_tablet=\u00a0\u00bbinherit\u00a0\u00bb column_padding_phone=\u00a0\u00bbinherit\u00a0\u00bb column_padding_position=\u00a0\u00bball\u00a0\u00bb column_element_direction_desktop=\u00a0\u00bbdefault\u00a0\u00bb column_element_spacing=\u00a0\u00bbdefault\u00a0\u00bb desktop_text_alignment=\u00a0\u00bbdefault\u00a0\u00bb tablet_text_alignment=\u00a0\u00bbdefault\u00a0\u00bb...\" \/>\n<meta property=\"og:url\" content=\"https:\/\/osteopathie-aquatique74.fr\/index.php\/mentions-legales\/\" \/>\n<meta property=\"og:site_name\" content=\"Ost\u00e9opathie Aquatique 74\" \/>\n<meta property=\"article:publisher\" content=\"https:\/\/www.facebook.com\/NoelieComeOsteopathe\/?locale=fr_FR\" \/>\n<meta property=\"article:modified_time\" content=\"2024-09-11T13:39:36+00:00\" \/>\n<meta property=\"og:image\" content=\"https:\/\/osteopathie-aquatique74.fr\/wp-content\/uploads\/2024\/08\/flip-recto-transp-300x300.png\" \/>\n<meta name=\"twitter:card\" content=\"summary_large_image\" \/>\n<meta name=\"twitter:label1\" content=\"Dur\u00e9e de lecture estim\u00e9e\" \/>\n\t<meta name=\"twitter:data1\" content=\"2 minutes\" \/>\n<script type=\"application\/ld+json\" class=\"yoast-schema-graph\">{\"@context\":\"https:\\\/\\\/schema.org\",\"@graph\":[{\"@type\":\"WebPage\",\"@id\":\"https:\\\/\\\/osteopathie-aquatique74.fr\\\/index.php\\\/mentions-legales\\\/\",\"url\":\"https:\\\/\\\/osteopathie-aquatique74.fr\\\/index.php\\\/mentions-legales\\\/\",\"name\":\"Mentions l\u00e9gales - Ost\u00e9opathie Aquatique 74\",\"isPartOf\":{\"@id\":\"https:\\\/\\\/osteopathie-aquatique74.fr\\\/#website\"},\"primaryImageOfPage\":{\"@id\":\"https:\\\/\\\/osteopathie-aquatique74.fr\\\/index.php\\\/mentions-legales\\\/#primaryimage\"},\"image\":{\"@id\":\"https:\\\/\\\/osteopathie-aquatique74.fr\\\/index.php\\\/mentions-legales\\\/#primaryimage\"},\"thumbnailUrl\":\"https:\\\/\\\/osteopathie-aquatique74.fr\\\/wp-content\\\/uploads\\\/2024\\\/08\\\/flip-recto-transp-300x300.png\",\"datePublished\":\"2024-09-11T12:47:13+00:00\",\"dateModified\":\"2024-09-11T13:39:36+00:00\",\"breadcrumb\":{\"@id\":\"https:\\\/\\\/osteopathie-aquatique74.fr\\\/index.php\\\/mentions-legales\\\/#breadcrumb\"},\"inLanguage\":\"fr-FR\",\"potentialAction\":[{\"@type\":\"ReadAction\",\"target\":[\"https:\\\/\\\/osteopathie-aquatique74.fr\\\/index.php\\\/mentions-legales\\\/\"]}]},{\"@type\":\"ImageObject\",\"inLanguage\":\"fr-FR\",\"@id\":\"https:\\\/\\\/osteopathie-aquatique74.fr\\\/index.php\\\/mentions-legales\\\/#primaryimage\",\"url\":\"https:\\\/\\\/osteopathie-aquatique74.fr\\\/wp-content\\\/uploads\\\/2024\\\/08\\\/flip-recto-transp.png\",\"contentUrl\":\"https:\\\/\\\/osteopathie-aquatique74.fr\\\/wp-content\\\/uploads\\\/2024\\\/08\\\/flip-recto-transp.png\",\"width\":500,\"height\":500,\"caption\":\"Ost\u00e9opathe aquatique consultations dans l'eau Haute-Savoie\"},{\"@type\":\"BreadcrumbList\",\"@id\":\"https:\\\/\\\/osteopathie-aquatique74.fr\\\/index.php\\\/mentions-legales\\\/#breadcrumb\",\"itemListElement\":[{\"@type\":\"ListItem\",\"position\":1,\"name\":\"Accueil\",\"item\":\"https:\\\/\\\/osteopathie-aquatique74.fr\\\/\"},{\"@type\":\"ListItem\",\"position\":2,\"name\":\"Mentions l\u00e9gales\"}]},{\"@type\":\"WebSite\",\"@id\":\"https:\\\/\\\/osteopathie-aquatique74.fr\\\/#website\",\"url\":\"https:\\\/\\\/osteopathie-aquatique74.fr\\\/\",\"name\":\"Ost\u00e9opathie Aquatique 74\",\"description\":\"Cabinet d&#039;Ost\u00e9opathie Aquatique \u00e0 Sallen\u00f4ves\",\"publisher\":{\"@id\":\"https:\\\/\\\/osteopathie-aquatique74.fr\\\/#organization\"},\"alternateName\":\"Premier cabinet d\u2019Ost\u00e9opathie Aquatique de Haute Savoie !\",\"potentialAction\":[{\"@type\":\"SearchAction\",\"target\":{\"@type\":\"EntryPoint\",\"urlTemplate\":\"https:\\\/\\\/osteopathie-aquatique74.fr\\\/?s={search_term_string}\"},\"query-input\":{\"@type\":\"PropertyValueSpecification\",\"valueRequired\":true,\"valueName\":\"search_term_string\"}}],\"inLanguage\":\"fr-FR\"},{\"@type\":\"Organization\",\"@id\":\"https:\\\/\\\/osteopathie-aquatique74.fr\\\/#organization\",\"name\":\"Ost\u00e9opathie Aquatique 74\",\"url\":\"https:\\\/\\\/osteopathie-aquatique74.fr\\\/\",\"logo\":{\"@type\":\"ImageObject\",\"inLanguage\":\"fr-FR\",\"@id\":\"https:\\\/\\\/osteopathie-aquatique74.fr\\\/#\\\/schema\\\/logo\\\/image\\\/\",\"url\":\"https:\\\/\\\/osteopathie-aquatique74.fr\\\/wp-content\\\/uploads\\\/2024\\\/08\\\/LOGO-sans-fond-2-2.png\",\"contentUrl\":\"https:\\\/\\\/osteopathie-aquatique74.fr\\\/wp-content\\\/uploads\\\/2024\\\/08\\\/LOGO-sans-fond-2-2.png\",\"width\":2500,\"height\":2500,\"caption\":\"Ost\u00e9opathie Aquatique 74\"},\"image\":{\"@id\":\"https:\\\/\\\/osteopathie-aquatique74.fr\\\/#\\\/schema\\\/logo\\\/image\\\/\"},\"sameAs\":[\"https:\\\/\\\/www.facebook.com\\\/NoelieComeOsteopathe\\\/?locale=fr_FR\"]}]}<\/script>\n<!-- \/ Yoast SEO plugin. -->","yoast_head_json":{"title":"Mentions l\u00e9gales - Ost\u00e9opathie Aquatique 74","robots":{"index":"index","follow":"follow","max-snippet":"max-snippet:-1","max-image-preview":"max-image-preview:large","max-video-preview":"max-video-preview:-1"},"canonical":"https:\/\/osteopathie-aquatique74.fr\/index.php\/mentions-legales\/","og_locale":"fr_FR","og_type":"article","og_title":"Mentions l\u00e9gales - Ost\u00e9opathie Aquatique 74","og_description":"[vc_row type=\u00a0\u00bbfull_width_background\u00a0\u00bb full_screen_row_position=\u00a0\u00bbmiddle\u00a0\u00bb column_margin=\u00a0\u00bbdefault\u00a0\u00bb column_direction=\u00a0\u00bbdefault\u00a0\u00bb column_direction_tablet=\u00a0\u00bbdefault\u00a0\u00bb column_direction_phone=\u00a0\u00bbdefault\u00a0\u00bb bg_color=\u00a0\u00bb#f8eadc\u00a0\u00bb scene_position=\u00a0\u00bbcenter\u00a0\u00bb top_margin=\u00a0\u00bb-100&Prime; bottom_margin=\u00a0\u00bb80&Prime; text_color=\u00a0\u00bbdark\u00a0\u00bb text_align=\u00a0\u00bbleft\u00a0\u00bb row_border_radius=\u00a0\u00bbnone\u00a0\u00bb row_border_radius_applies=\u00a0\u00bbbg\u00a0\u00bb overflow=\u00a0\u00bbvisible\u00a0\u00bb overlay_strength=\u00a0\u00bb0.3&Prime; gradient_direction=\u00a0\u00bbleft_to_right\u00a0\u00bb shape_divider_position=\u00a0\u00bbbottom\u00a0\u00bb bg_image_animation=\u00a0\u00bbnone\u00a0\u00bb gradient_type=\u00a0\u00bbdefault\u00a0\u00bb shape_type=\u00a0\u00bb\u00a0\u00bb][vc_column column_padding=\u00a0\u00bbno-extra-padding\u00a0\u00bb column_padding_tablet=\u00a0\u00bbinherit\u00a0\u00bb column_padding_phone=\u00a0\u00bbinherit\u00a0\u00bb column_padding_position=\u00a0\u00bball\u00a0\u00bb column_element_direction_desktop=\u00a0\u00bbdefault\u00a0\u00bb column_element_spacing=\u00a0\u00bbdefault\u00a0\u00bb desktop_text_alignment=\u00a0\u00bbdefault\u00a0\u00bb tablet_text_alignment=\u00a0\u00bbdefault\u00a0\u00bb...","og_url":"https:\/\/osteopathie-aquatique74.fr\/index.php\/mentions-legales\/","og_site_name":"Ost\u00e9opathie Aquatique 74","article_publisher":"https:\/\/www.facebook.com\/NoelieComeOsteopathe\/?locale=fr_FR","article_modified_time":"2024-09-11T13:39:36+00:00","og_image":[{"url":"https:\/\/osteopathie-aquatique74.fr\/wp-content\/uploads\/2024\/08\/flip-recto-transp-300x300.png","type":"","width":"","height":""}],"twitter_card":"summary_large_image","twitter_misc":{"Dur\u00e9e de lecture estim\u00e9e":"2 minutes"},"schema":{"@context":"https:\/\/schema.org","@graph":[{"@type":"WebPage","@id":"https:\/\/osteopathie-aquatique74.fr\/index.php\/mentions-legales\/","url":"https:\/\/osteopathie-aquatique74.fr\/index.php\/mentions-legales\/","name":"Mentions l\u00e9gales - Ost\u00e9opathie Aquatique 74","isPartOf":{"@id":"https:\/\/osteopathie-aquatique74.fr\/#website"},"primaryImageOfPage":{"@id":"https:\/\/osteopathie-aquatique74.fr\/index.php\/mentions-legales\/#primaryimage"},"image":{"@id":"https:\/\/osteopathie-aquatique74.fr\/index.php\/mentions-legales\/#primaryimage"},"thumbnailUrl":"https:\/\/osteopathie-aquatique74.fr\/wp-content\/uploads\/2024\/08\/flip-recto-transp-300x300.png","datePublished":"2024-09-11T12:47:13+00:00","dateModified":"2024-09-11T13:39:36+00:00","breadcrumb":{"@id":"https:\/\/osteopathie-aquatique74.fr\/index.php\/mentions-legales\/#breadcrumb"},"inLanguage":"fr-FR","potentialAction":[{"@type":"ReadAction","target":["https:\/\/osteopathie-aquatique74.fr\/index.php\/mentions-legales\/"]}]},{"@type":"ImageObject","inLanguage":"fr-FR","@id":"https:\/\/osteopathie-aquatique74.fr\/index.php\/mentions-legales\/#primaryimage","url":"https:\/\/osteopathie-aquatique74.fr\/wp-content\/uploads\/2024\/08\/flip-recto-transp.png","contentUrl":"https:\/\/osteopathie-aquatique74.fr\/wp-content\/uploads\/2024\/08\/flip-recto-transp.png","width":500,"height":500,"caption":"Ost\u00e9opathe aquatique consultations dans l'eau Haute-Savoie"},{"@type":"BreadcrumbList","@id":"https:\/\/osteopathie-aquatique74.fr\/index.php\/mentions-legales\/#breadcrumb","itemListElement":[{"@type":"ListItem","position":1,"name":"Accueil","item":"https:\/\/osteopathie-aquatique74.fr\/"},{"@type":"ListItem","position":2,"name":"Mentions l\u00e9gales"}]},{"@type":"WebSite","@id":"https:\/\/osteopathie-aquatique74.fr\/#website","url":"https:\/\/osteopathie-aquatique74.fr\/","name":"Ost\u00e9opathie Aquatique 74","description":"Cabinet d&#039;Ost\u00e9opathie Aquatique \u00e0 Sallen\u00f4ves","publisher":{"@id":"https:\/\/osteopathie-aquatique74.fr\/#organization"},"alternateName":"Premier cabinet d\u2019Ost\u00e9opathie Aquatique de Haute Savoie !","potentialAction":[{"@type":"SearchAction","target":{"@type":"EntryPoint","urlTemplate":"https:\/\/osteopathie-aquatique74.fr\/?s={search_term_string}"},"query-input":{"@type":"PropertyValueSpecification","valueRequired":true,"valueName":"search_term_string"}}],"inLanguage":"fr-FR"},{"@type":"Organization","@id":"https:\/\/osteopathie-aquatique74.fr\/#organization","name":"Ost\u00e9opathie Aquatique 74","url":"https:\/\/osteopathie-aquatique74.fr\/","logo":{"@type":"ImageObject","inLanguage":"fr-FR","@id":"https:\/\/osteopathie-aquatique74.fr\/#\/schema\/logo\/image\/","url":"https:\/\/osteopathie-aquatique74.fr\/wp-content\/uploads\/2024\/08\/LOGO-sans-fond-2-2.png","contentUrl":"https:\/\/osteopathie-aquatique74.fr\/wp-content\/uploads\/2024\/08\/LOGO-sans-fond-2-2.png","width":2500,"height":2500,"caption":"Ost\u00e9opathie Aquatique 74"},"image":{"@id":"https:\/\/osteopathie-aquatique74.fr\/#\/schema\/logo\/image\/"},"sameAs":["https:\/\/www.facebook.com\/NoelieComeOsteopathe\/?locale=fr_FR"]}]}},"_links":{"self":[{"href":"https:\/\/osteopathie-aquatique74.fr\/index.php\/wp-json\/wp\/v2\/pages\/2746","targetHints":{"allow":["GET"]}}],"collection":[{"href":"https:\/\/osteopathie-aquatique74.fr\/index.php\/wp-json\/wp\/v2\/pages"}],"about":[{"href":"https:\/\/osteopathie-aquatique74.fr\/index.php\/wp-json\/wp\/v2\/types\/page"}],"author":[{"embeddable":true,"href":"https:\/\/osteopathie-aquatique74.fr\/index.php\/wp-json\/wp\/v2\/users\/2"}],"replies":[{"embeddable":true,"href":"https:\/\/osteopathie-aquatique74.fr\/index.php\/wp-json\/wp\/v2\/comments?post=2746"}],"version-history":[{"count":15,"href":"https:\/\/osteopathie-aquatique74.fr\/index.php\/wp-json\/wp\/v2\/pages\/2746\/revisions"}],"predecessor-version":[{"id":2790,"href":"https:\/\/osteopathie-aquatique74.fr\/index.php\/wp-json\/wp\/v2\/pages\/2746\/revisions\/2790"}],"wp:attachment":[{"href":"https:\/\/osteopathie-aquatique74.fr\/index.php\/wp-json\/wp\/v2\/media?parent=2746"}],"curies":[{"name":"wp","href":"https:\/\/api.w.org\/{rel}","templated":true}]}}